{"id":3832,"date":"2019-07-03T11:18:29","date_gmt":"2019-07-03T11:18:29","guid":{"rendered":"http:\/\/www.taxi-zentrale.at\/datenschutz\/"},"modified":"2026-03-24T18:00:23","modified_gmt":"2026-03-24T18:00:23","slug":"datenschutz","status":"publish","type":"page","link":"https:\/\/www.taxi-zentrale.at\/de\/datenschutz\/","title":{"rendered":"Datenschutz"},"content":{"rendered":"\n<h2 class=\"wp-block-heading\">Datenschutz<\/h2>\n\n\n\n<p>Der Schutz Ihrer pers\u00f6nlichen Daten ist uns ein besonderes Anliegen. \nWir verarbeiten Ihre Daten daher ausschlie\u00dflich auf Grundlage der \ngesetzlichen Bestimmungen (DSGVO, TKG 2003). In diesen \nDatenschutzinformationen informieren wir Sie \u00fcber die wichtigsten \nAspekte der Datenverarbeitung im Rahmen unserer Website.&nbsp;<\/p>\n\n\n\n<h4 class=\"wp-block-heading\" id=\"heading_Kontakt_mit_uns\">Kontakt mit uns<\/h4>\n\n\n\n<p>Wenn\n Sie per Formular auf der Website oder per E-Mail Kontakt mit uns \naufnehmen, werden Ihre angegebenen Daten zwecks Bearbeitung der Anfrage \nund f\u00fcr den Fall von Anschlussfragen sechs Monate bei uns gespeichert. \nDiese Daten geben wir nicht ohne Ihre Einwilligung weiter.&nbsp;<\/p>\n\n\n\n<h4 class=\"wp-block-heading\">Datenspeicherung<\/h4>\n\n\n\n<p>Wir weisen darauf hin, dass zum Zweck des einfacheren Einkaufsvorganges und zur sp\u00e4teren Vertragsabwicklung  von Cookies die IP-Daten des Anschlussinhabers gespeichert werden, ebenso wie Name, Anschrift des K\u00e4ufers.<\/p>\n\n\n\n<p>Dar\u00fcber hinaus werden zum Zweck der Vertragsabwicklung folgende Daten auch bei uns gespeichert: Name, Anschrift, Telefonnummer, E-Mailadresse soweit erforderlich, f\u00fcr die Dauer der gesamten Gesch\u00e4ftsbeziehung. Die von Ihnen bereit gestellten Daten sind zur Vertragserf\u00fcllung bzw zur Durchf\u00fchrung vorvertraglicher Ma\u00dfnahmen erforderlich. Ohne diese Daten k\u00f6nnen wir den Vertrag mit Ihnen nicht abschlie\u00dfen.<\/p>\n\n\n\n<p>Eine Daten\u00fcbermittlung an Dritte erfolgt nicht, mit Ausnahme der \u00dcbermittlung alle Rechnungen an die abwickelnden Bankinstitute \/ Zahlungsdienstleister zum Zwecke der Abbuchung des Einkaufspreises, an das von uns beauftragte Taxiunternehmen sowie an unseren Steuerberater zur Erf\u00fcllung unserer steuerrechtlichen Verpflichtungen.<\/p>\n\n\n\n<p>Nach Abbruch des Einkaufsvorganges werden die bei uns gespeicherten Daten gel\u00f6scht. Im Falle eines Vertragsabschlusses werden s\u00e4mtliche Rechnungen aus dem Vertragsverh\u00e4ltnis bis zum Ablauf der steuerrechtlichen Aufbewahrungsfrist (7 Jahre) gespeichert. Die Datenverarbeitung erfolgt auf Basis der gesetzlichen Bestimmungen des \u00a7 96 Abs 3 TKG sowie des Art 6 Abs 1 lit a (Einwilligung) und\/oder lit b (notwendig zur Vertragserf\u00fcllung) der DSGVO.<\/p>\n\n\n\n<h4 class=\"wp-block-heading\"><strong>Cookies<\/strong><\/h4>\n\n\n\n<p>Unsere Website verwendet so genannte Cookies. Dabei handelt es sich um kleine Textdateien, die mit Hilfe des Browsers auf Ihrem Endger\u00e4t abgelegt werden. Sie richten keinen Schaden an.<\/p>\n\n\n\n<p>Wir nutzen Cookies dazu, unser Angebot nutzerfreundlich zu gestalten. Einige Cookies bleiben auf Ihrem Endger\u00e4t gespeichert, bis Sie diese l\u00f6schen. Sie erm\u00f6glichen es uns, Ihren Browser beim n\u00e4chsten Besuch wiederzuerkennen.<\/p>\n\n\n\n<p>Wenn Sie dies nicht w\u00fcnschen, so k\u00f6nnen Sie Ihren Browser so einrichten, dass er Sie \u00fcber das Setzen von Cookies informiert und Sie dies nur im Einzelfall erlauben.<\/p>\n\n\n\n<p>Bei der Deaktivierung von Cookies kann die Funktionalit\u00e4t unserer Website eingeschr\u00e4nkt sein.<\/p>\n\n\n\n<h4 class=\"wp-block-heading\"><strong>Web-Analyse<\/strong><\/h4>\n\n\n\n<p>Unsere Website verwendet Funktionen des Webanalysedienstes. Dazu werden Cookies verwendet, die eine Analyse der Benutzung der Website durch Ihre Benutzer erm\u00f6glicht. Die dadurch erzeugten Informationen werden auf den Server des Anbieters \u00fcbertragen und dort gespeichert.<br>Sie k\u00f6nnen dies verhindern, indem Sie Ihren Browser so einrichten, dass keine Cookies gespeichert werden.<br>Wir haben mit dem Anbieter einen entsprechenden Vertrag zur Auftragsdatenverarbeitung abgeschlossen.<br>Die Datenverarbeitung erfolgt auf Basis der gesetzlichen Bestimmungen des \u00a7 96 Abs 3 TKG sowie des Art 6 Abs 1 lit a (Einwilligung) und\/oder f (berechtigtes Interesse) der DSGVO.<\/p>\n\n\n\n<p>Unser Anliegen im Sinne der DSGVO (berechtigtes Interesse) ist die Verbesserung unseres Angebotes und unseres Webauftritts. Da uns die Privatsph\u00e4re unserer Nutzer wichtig ist, werden die Nutzerdaten pseudonymisiert. Die Nutzerdaten werden f\u00fcr die Dauer von 6 Monate gespeichert.<\/p>\n\n\n\n<h4 class=\"wp-block-heading\"><strong>Ihre Rechte<\/strong><\/h4>\n\n\n\n<p>Ihnen stehen bez\u00fcglich Ihrer bei uns gespeicherten Daten grunds\u00e4tzlich die Rechte auf Auskunft, Berichtigung, L\u00f6schung, Einschr\u00e4nkung, Daten\u00fcbertragbarkeit, Widerruf und Widerspruch zu. Wenn Sie glauben, dass die Verarbeitung Ihrer Daten gegen das Datenschutzrecht verst\u00f6\u00dft oder Ihre datenschutzrechtlichen Anspr\u00fcche sonst in einer Weise verletzt worden sind, k\u00f6nnen Sie sich bei der uns info@taxi-zentrale.at oder der Datenschutzbeh\u00f6rde beschweren.<br>Sie erreichen uns unter folgenden Kontaktdaten:<\/p>\n\n\n\n<p><strong>TOP TAXI E.U.<\/strong><br>Thumersbacherstr. 5<br>A-5700 Zell am See<br>Tel.:+43654273232<br>email: info@top-taxi.at<\/p>\n","protected":false},"excerpt":{"rendered":"<p>Datenschutz Der Schutz Ihrer pers\u00f6nlichen Daten ist uns ein besonderes Anliegen. Wir verarbeiten Ihre Daten daher ausschlie\u00dflich auf Grundlage der gesetzlichen Bestimmungen (DSGVO, TKG 2003). In diesen Datenschutzinformationen informieren wir Sie \u00fcber die wichtigsten Aspekte der Datenverarbeitung im Rahmen unserer Website.&nbsp; Kontakt mit uns Wenn Sie per Formular auf der Website oder per E-Mail Kontakt&#8230;<\/p>\n","protected":false},"author":1,"featured_media":3392,"parent":0,"menu_order":0,"comment_status":"closed","ping_status":"open","template":"","meta":{"footnotes":""},"class_list":["post-3832","page","type-page","status-publish","has-post-thumbnail","hentry"],"_links":{"self":[{"href":"https:\/\/www.taxi-zentrale.at\/de\/wp-json\/wp\/v2\/pages\/3832","targetHints":{"allow":["GET"]}}],"collection":[{"href":"https:\/\/www.taxi-zentrale.at\/de\/wp-json\/wp\/v2\/pages"}],"about":[{"href":"https:\/\/www.taxi-zentrale.at\/de\/wp-json\/wp\/v2\/types\/page"}],"author":[{"embeddable":true,"href":"https:\/\/www.taxi-zentrale.at\/de\/wp-json\/wp\/v2\/users\/1"}],"replies":[{"embeddable":true,"href":"https:\/\/www.taxi-zentrale.at\/de\/wp-json\/wp\/v2\/comments?post=3832"}],"version-history":[{"count":4,"href":"https:\/\/www.taxi-zentrale.at\/de\/wp-json\/wp\/v2\/pages\/3832\/revisions"}],"predecessor-version":[{"id":16017,"href":"https:\/\/www.taxi-zentrale.at\/de\/wp-json\/wp\/v2\/pages\/3832\/revisions\/16017"}],"wp:featuredmedia":[{"embeddable":true,"href":"https:\/\/www.taxi-zentrale.at\/de\/wp-json\/wp\/v2\/media\/3392"}],"wp:attachment":[{"href":"https:\/\/www.taxi-zentrale.at\/de\/wp-json\/wp\/v2\/media?parent=3832"}],"curies":[{"name":"wp","href":"https:\/\/api.w.org\/{rel}","templated":true}]}}