{"id":3595,"date":"2019-06-27T14:12:49","date_gmt":"2019-06-27T14:12:49","guid":{"rendered":"http:\/\/www.taxi-zentrale.at\/taxi-24h\/"},"modified":"2019-06-27T14:57:15","modified_gmt":"2019-06-27T14:57:15","slug":"taxi-24h","status":"publish","type":"page","link":"https:\/\/www.taxi-zentrale.at\/de\/taxi-24h\/","title":{"rendered":"TAXI 24H"},"content":{"rendered":"<p><span class=\"tlid-translation translation\" lang=\"de\"><span class=\"\" title=\"\">24 Stunden Service 7 Tage die Woche, 365 Tage im Jahr<\/span><\/span><\/p>\n<p><span class=\"\" title=\"\">Unsere Fahrer bringen Sie sicher, bequem und p\u00fcnktlich an Ihr Ziel.<\/span><br \/>\n<span class=\"\" title=\"\">Wir verf\u00fcgen \u00fcber ger\u00e4umige und gut ausgestattete moderne Fahrzeuge und sind in durchschnittlich 10 Minuten f\u00fcr Sie in der Stadt.<\/span><\/p>\n","protected":false},"excerpt":{"rendered":"<p>24 Stunden Service 7 Tage die Woche, 365 Tage im Jahr Unsere Fahrer bringen Sie sicher, bequem und p\u00fcnktlich an Ihr Ziel. Wir verf\u00fcgen \u00fcber ger\u00e4umige und gut ausgestattete moderne Fahrzeuge und sind in durchschnittlich 10 Minuten f\u00fcr Sie in der Stadt.<\/p>\n","protected":false},"author":1,"featured_media":3348,"parent":0,"menu_order":0,"comment_status":"closed","ping_status":"closed","template":"","meta":{"footnotes":""},"class_list":["post-3595","page","type-page","status-publish","has-post-thumbnail","hentry"],"_links":{"self":[{"href":"https:\/\/www.taxi-zentrale.at\/de\/wp-json\/wp\/v2\/pages\/3595","targetHints":{"allow":["GET"]}}],"collection":[{"href":"https:\/\/www.taxi-zentrale.at\/de\/wp-json\/wp\/v2\/pages"}],"about":[{"href":"https:\/\/www.taxi-zentrale.at\/de\/wp-json\/wp\/v2\/types\/page"}],"author":[{"embeddable":true,"href":"https:\/\/www.taxi-zentrale.at\/de\/wp-json\/wp\/v2\/users\/1"}],"replies":[{"embeddable":true,"href":"https:\/\/www.taxi-zentrale.at\/de\/wp-json\/wp\/v2\/comments?post=3595"}],"version-history":[{"count":2,"href":"https:\/\/www.taxi-zentrale.at\/de\/wp-json\/wp\/v2\/pages\/3595\/revisions"}],"predecessor-version":[{"id":3615,"href":"https:\/\/www.taxi-zentrale.at\/de\/wp-json\/wp\/v2\/pages\/3595\/revisions\/3615"}],"wp:featuredmedia":[{"embeddable":true,"href":"https:\/\/www.taxi-zentrale.at\/de\/wp-json\/wp\/v2\/media\/3348"}],"wp:attachment":[{"href":"https:\/\/www.taxi-zentrale.at\/de\/wp-json\/wp\/v2\/media?parent=3595"}],"curies":[{"name":"wp","href":"https:\/\/api.w.org\/{rel}","templated":true}]}}