{"id":3591,"date":"2019-06-27T14:08:40","date_gmt":"2019-06-27T14:08:40","guid":{"rendered":"http:\/\/www.taxi-zentrale.at\/zufriedene-kunden\/"},"modified":"2023-07-02T14:43:42","modified_gmt":"2023-07-02T14:43:42","slug":"zufriedene-kunden","status":"publish","type":"page","link":"https:\/\/www.taxi-zentrale.at\/de\/zufriedene-kunden\/","title":{"rendered":"Zufriedene Kunden"},"content":{"rendered":"<p><span class=\"tlid-translation translation\" lang=\"de\"><span class=\"\" title=\"\">Es gibt mehrere Gr\u00fcnde, warum unsere G\u00e4ste zufrieden sind und gerne mit uns fahren.<\/span> <span class=\"\" title=\"\">Erstens sind unsere Autos sauber und modern.<\/span> <span class=\"\" title=\"\">Unsere Fahrer sind professionell und diskret, sie sprechen auch mehr Sprachen.<\/span> <span class=\"\" title=\"\">Unser Fahrer begr\u00fc\u00dft Sie immer mit einem warmen L\u00e4cheln.<\/span> <span title=\"\">Unser Taxi Zentrale ist immer erreichbar.<\/span> <span class=\"\" title=\"\">Wir k\u00f6nnen noch viel mehr auflisten, aber es ist am besten, unsere Taxi zu bestellen und sich von unserer Qualit\u00e4t zu \u00fcberzeugen.<\/span><\/span><\/p>\n","protected":false},"excerpt":{"rendered":"<p>Es gibt mehrere Gr\u00fcnde, warum unsere G\u00e4ste zufrieden sind und gerne mit uns fahren. Erstens sind unsere Autos sauber und modern. Unsere Fahrer sind professionell und diskret, sie sprechen auch mehr Sprachen. Unser Fahrer begr\u00fc\u00dft Sie immer mit einem warmen L\u00e4cheln. Unser Taxi Zentrale ist immer erreichbar. Wir k\u00f6nnen noch viel mehr auflisten, aber es&#8230;<\/p>\n","protected":false},"author":1,"featured_media":3394,"parent":0,"menu_order":0,"comment_status":"closed","ping_status":"closed","template":"","meta":{"footnotes":""},"class_list":["post-3591","page","type-page","status-publish","has-post-thumbnail","hentry"],"_links":{"self":[{"href":"https:\/\/www.taxi-zentrale.at\/de\/wp-json\/wp\/v2\/pages\/3591","targetHints":{"allow":["GET"]}}],"collection":[{"href":"https:\/\/www.taxi-zentrale.at\/de\/wp-json\/wp\/v2\/pages"}],"about":[{"href":"https:\/\/www.taxi-zentrale.at\/de\/wp-json\/wp\/v2\/types\/page"}],"author":[{"embeddable":true,"href":"https:\/\/www.taxi-zentrale.at\/de\/wp-json\/wp\/v2\/users\/1"}],"replies":[{"embeddable":true,"href":"https:\/\/www.taxi-zentrale.at\/de\/wp-json\/wp\/v2\/comments?post=3591"}],"version-history":[{"count":2,"href":"https:\/\/www.taxi-zentrale.at\/de\/wp-json\/wp\/v2\/pages\/3591\/revisions"}],"predecessor-version":[{"id":3642,"href":"https:\/\/www.taxi-zentrale.at\/de\/wp-json\/wp\/v2\/pages\/3591\/revisions\/3642"}],"wp:featuredmedia":[{"embeddable":true,"href":"https:\/\/www.taxi-zentrale.at\/de\/wp-json\/wp\/v2\/media\/3394"}],"wp:attachment":[{"href":"https:\/\/www.taxi-zentrale.at\/de\/wp-json\/wp\/v2\/media?parent=3591"}],"curies":[{"name":"wp","href":"https:\/\/api.w.org\/{rel}","templated":true}]}}