{"id":3585,"date":"2019-06-27T14:01:26","date_gmt":"2019-06-27T14:01:26","guid":{"rendered":"http:\/\/www.taxi-zentrale.at\/rechte-sidebar\/"},"modified":"2019-06-27T14:01:26","modified_gmt":"2019-06-27T14:01:26","slug":"rechte-sidebar","status":"publish","type":"page","link":"https:\/\/www.taxi-zentrale.at\/de\/rechte-sidebar\/","title":{"rendered":"Rechte Sidebar"},"content":{"rendered":"<p><img decoding=\"async\" class=\"wp-image-2456 aligncenter\" src=\"http:\/\/www.taxi-zentrale.at\/wp-content\/uploads\/2019\/06\/taxi_farzeuge-300x74.png\" alt=\"\" width=\"364\" height=\"90\" srcset=\"https:\/\/www.taxi-zentrale.at\/wp-content\/uploads\/2019\/06\/taxi_farzeuge-300x74.png 300w, https:\/\/www.taxi-zentrale.at\/wp-content\/uploads\/2019\/06\/taxi_farzeuge-768x189.png 768w, https:\/\/www.taxi-zentrale.at\/wp-content\/uploads\/2019\/06\/taxi_farzeuge-1024x253.png 1024w, https:\/\/www.taxi-zentrale.at\/wp-content\/uploads\/2019\/06\/taxi_farzeuge-600x148.png 600w, https:\/\/www.taxi-zentrale.at\/wp-content\/uploads\/2019\/06\/taxi_farzeuge.png 1557w\" sizes=\"(max-width: 364px) 100vw, 364px\" \/><\/p>\n<p><span class=\"tlid-translation translation\" lang=\"de\"><span class=\"\" title=\"\">Dies ist eine Beispielseite.<\/span> <span title=\"\">Es unterscheidet sich von einem Blog-Beitrag, da es an einem Ort bleibt und in Ihrer Site-Navigation angezeigt wird (in den meisten Themen).<\/span> <span title=\"\">Die meisten Leute beginnen mit einer Info-Seite, die sie potenziellen Site-Besuchern vorstellt.<\/span> <span title=\"\">Es k\u00f6nnte so etwas sagen:<\/span><\/p>\n<p><span class=\"\" title=\"\">Hallo!<\/span> <span class=\"\" title=\"\">Tags\u00fcber bin ich ein Fahrradbote, nachts bin ich ein aufstrebender Schauspieler, und das ist meine Website.<\/span> <span class=\"\" title=\"\">Ich lebe in Los Angeles, habe einen tollen Hund namens Jack und mag Pi\u00f1a Coladas.<\/span> <span title=\"\">(Und im Regen erwischt zu werden.)<\/span><\/p>\n<p><span title=\"\">&#8230;oder sowas:<\/span><\/p>\n<p><span title=\"\">Die XYZ Doohickey Company wurde 1971 gegr\u00fcndet und bietet seitdem hochwertige Doohickeys f\u00fcr die \u00d6ffentlichkeit an.<\/span> <span title=\"\">XYZ hat seinen Sitz in Gotham City und besch\u00e4ftigt mehr als 2.000 Mitarbeiter.<\/span><\/p>\n<p><span title=\"\">Als neuer WordPress-Benutzer sollten Sie zu Ihrem Dashboard gehen, um diese Seite zu l\u00f6schen und neue Seiten f\u00fcr Ihren Inhalt zu erstellen.<\/span> <span title=\"\">Habe Spa\u00df!<\/span><\/span><\/p>\n<p>&nbsp;<\/p>\n","protected":false},"excerpt":{"rendered":"<p>Dies ist eine Beispielseite. Es unterscheidet sich von einem Blog-Beitrag, da es an einem Ort bleibt und in Ihrer Site-Navigation angezeigt wird (in den meisten Themen). Die meisten Leute beginnen mit einer Info-Seite, die sie potenziellen Site-Besuchern vorstellt. Es k\u00f6nnte so etwas sagen: Hallo! Tags\u00fcber bin ich ein Fahrradbote, nachts bin ich ein aufstrebender Schauspieler,&#8230;<\/p>\n","protected":false},"author":1,"featured_media":0,"parent":0,"menu_order":0,"comment_status":"closed","ping_status":"closed","template":"","meta":{"footnotes":""},"class_list":["post-3585","page","type-page","status-publish","hentry"],"_links":{"self":[{"href":"https:\/\/www.taxi-zentrale.at\/de\/wp-json\/wp\/v2\/pages\/3585","targetHints":{"allow":["GET"]}}],"collection":[{"href":"https:\/\/www.taxi-zentrale.at\/de\/wp-json\/wp\/v2\/pages"}],"about":[{"href":"https:\/\/www.taxi-zentrale.at\/de\/wp-json\/wp\/v2\/types\/page"}],"author":[{"embeddable":true,"href":"https:\/\/www.taxi-zentrale.at\/de\/wp-json\/wp\/v2\/users\/1"}],"replies":[{"embeddable":true,"href":"https:\/\/www.taxi-zentrale.at\/de\/wp-json\/wp\/v2\/comments?post=3585"}],"version-history":[{"count":0,"href":"https:\/\/www.taxi-zentrale.at\/de\/wp-json\/wp\/v2\/pages\/3585\/revisions"}],"wp:attachment":[{"href":"https:\/\/www.taxi-zentrale.at\/de\/wp-json\/wp\/v2\/media?parent=3585"}],"curies":[{"name":"wp","href":"https:\/\/api.w.org\/{rel}","templated":true}]}}