{"id":3582,"date":"2019-06-27T13:56:00","date_gmt":"2019-06-27T13:56:00","guid":{"rendered":"http:\/\/www.taxi-zentrale.at\/onlinebezahlung\/"},"modified":"2023-07-01T18:23:21","modified_gmt":"2023-07-01T18:23:21","slug":"onlinebezahlung","status":"publish","type":"page","link":"https:\/\/www.taxi-zentrale.at\/de\/onlinebezahlung\/","title":{"rendered":"Onlinebezahlung"},"content":{"rendered":"<p><span class=\"tlid-translation translation\" lang=\"de\">Wir bieten unseren Kunden eine bequeme, einfache und sichere Zahlungsm\u00f6glichkeit. Unsere Kunden k\u00f6nnen alle unsere Dienstleistungen online \u00fcber unsere Website buchen und bezahlen. Wir bieten sichere Zahlungstore und unsere Kunden k\u00f6nnen unsere Taxi- und Transferservices problemlos bezahlen.<\/span><\/p>\n<p>Kunden k\u00f6nnen unsere Taxi- und Transferservices und Zahlungen auch f\u00fcr andere Personen reservieren, z. B. f\u00fcr Kinder oder Eltern, Freunde. Kunden, die diese Zahlungsmethode w\u00e4hlen, erhalten eine automatische Rechnung f\u00fcr die sichere Online-Zahlung per E-Mail. Unser Ziel ist es, die Buchung und Bezahlung von Taxidiensten f\u00fcr unsere G\u00e4ste so einfach und schnell wie m\u00f6glich zu gestalten.<\/p>\n<p>Kunden k\u00f6nnen alle g\u00e4ngigen Kreditkarten verwenden, um ihre Transaktion abzuschlie\u00dfen. Bei Zahlungen mit Kreditkarte \/ PayPal wird eine zus\u00e4tzliche Bearbeitungsgeb\u00fchr von +2,5% erhoben. Wenn Sie mit den Wechselkursen unserer Bank nicht einverstanden sind und in der Landesw\u00e4hrung zahlen m\u00f6chten, k\u00f6nnen Sie direkt an unsere Fahrer in bar zahlen und im Voraus Geld bei Ihrer eigenen Bank oder an einer Wechselstube am Flughafen oder in der N\u00e4he wechseln der Weg zu Ihrem Hotel.<\/p>\n<p>Sie werden zu einer PayPal-Seite weitergeleitet. Wenn Sie kein PayPal-Konto haben, k\u00f6nnen Sie mit Kreditkarte bezahlen, indem Sie auf den Link unten auf der PayPal-Seite &#8222;Sie haben kein PayPal-Konto&#8220; klicken.<\/p>\n","protected":false},"excerpt":{"rendered":"<p>Wir bieten unseren Kunden eine bequeme, einfache und sichere Zahlungsm\u00f6glichkeit. Unsere Kunden k\u00f6nnen alle unsere Dienstleistungen online \u00fcber unsere Website buchen und bezahlen. Wir bieten sichere Zahlungstore und unsere Kunden k\u00f6nnen unsere Taxi- und Transferservices problemlos bezahlen. Kunden k\u00f6nnen unsere Taxi- und Transferservices und Zahlungen auch f\u00fcr andere Personen reservieren, z. B. f\u00fcr Kinder oder&#8230;<\/p>\n","protected":false},"author":1,"featured_media":3376,"parent":0,"menu_order":0,"comment_status":"closed","ping_status":"closed","template":"","meta":{"footnotes":""},"class_list":["post-3582","page","type-page","status-publish","has-post-thumbnail","hentry"],"_links":{"self":[{"href":"https:\/\/www.taxi-zentrale.at\/de\/wp-json\/wp\/v2\/pages\/3582","targetHints":{"allow":["GET"]}}],"collection":[{"href":"https:\/\/www.taxi-zentrale.at\/de\/wp-json\/wp\/v2\/pages"}],"about":[{"href":"https:\/\/www.taxi-zentrale.at\/de\/wp-json\/wp\/v2\/types\/page"}],"author":[{"embeddable":true,"href":"https:\/\/www.taxi-zentrale.at\/de\/wp-json\/wp\/v2\/users\/1"}],"replies":[{"embeddable":true,"href":"https:\/\/www.taxi-zentrale.at\/de\/wp-json\/wp\/v2\/comments?post=3582"}],"version-history":[{"count":1,"href":"https:\/\/www.taxi-zentrale.at\/de\/wp-json\/wp\/v2\/pages\/3582\/revisions"}],"predecessor-version":[{"id":15749,"href":"https:\/\/www.taxi-zentrale.at\/de\/wp-json\/wp\/v2\/pages\/3582\/revisions\/15749"}],"wp:featuredmedia":[{"embeddable":true,"href":"https:\/\/www.taxi-zentrale.at\/de\/wp-json\/wp\/v2\/media\/3376"}],"wp:attachment":[{"href":"https:\/\/www.taxi-zentrale.at\/de\/wp-json\/wp\/v2\/media?parent=3582"}],"curies":[{"name":"wp","href":"https:\/\/api.w.org\/{rel}","templated":true}]}}