{"id":3558,"date":"2019-06-27T13:01:00","date_gmt":"2019-06-27T13:01:00","guid":{"rendered":"http:\/\/www.taxi-zentrale.at\/taxi-zell-am-see-kaprun\/"},"modified":"2025-07-12T18:03:41","modified_gmt":"2025-07-12T18:03:41","slug":"taxi-zell-am-see-kaprun","status":"publish","type":"page","link":"https:\/\/www.taxi-zentrale.at\/de\/taxi-zell-am-see-kaprun\/","title":{"rendered":"Taxi Zell am See \/ Kaprun"},"content":{"rendered":"\n<p class=\"has-text-align-center\"><a href=\"Tel:+43654270007\"><strong>TAXI RUF ZELL AM SEE \/ KAPRUN<\/strong><\/a><\/p>\n\n\n\n<h2 class=\"wp-block-heading\">Willkommen bei TAXI Zell am See &#8211; Kaprun<\/h2>\n\n\n\n<p><\/p>\n\n\n\n<p>Ihr Taxiunternehmen in der Europa Sportregion Zell am See \/ Kaprun &#8211; Maishofen &#8211; Thumersbach &#8211; Piesendorf &#8211; Pinzgau &#8211; Salzburger Land &#8211; \u00d6sterreich, das sich f\u00fcr G\u00e4ste und Einheimische rund um die Taxi und Transfer Service von Passagieren zu jeder Jahreszeit, 24 Stunden am Tag, 7 Tage die Woche Anbietet. Um Ihren Aufenthalt so angenehm wie m\u00f6glich zu gestalten, haben wir ein umfangreiches Ausflugsprogramm zusammengestellt. Sie k\u00f6nnen auch einfach <a href=\"https:\/\/www.taxi-zentrale.at\/de\/flughafen-transfer\/\">&#8222;Flughafen Transfer&#8220;<\/a>, <a href=\"https:\/\/www.taxi-zentrale.at\/de\/bahnhof-taxi\/\">&#8222;Bahnhof Transfer&#8220;<\/a> oder <a href=\"https:\/\/www.taxi-zentrale.at\/de\/bahnhof-taxi\/\">&#8222;Bahnhof Taxi&#8220;<\/a> <a href=\"https:\/\/www.taxi-zentrale.at\/de\/buchung\/\">online bestellen<\/a>.<\/p>\n\n\n\n<p>Wir bieten professionelle Taxi und Transfer Dienstleistungen f\u00fcr alle gesch\u00e4ftlichen Anforderungen. Wir bieten einen besonderen Service: den Komfort, die Sicherheit und die Diskretion unserer Kunden bei Konferenzen oder VIP-Tr\u00e4fen. Egal ob Sie gesch\u00e4ftlich oder privat unterwegs sind, wir bringen Sie mit dem Komfort und der Eleganz renommierter Fahrzeuge an Ihr Ziel. Top Taxifahrer sind bestrebt, Ihnen den bestm\u00f6glichen Service zu bieten, mit der h\u00f6chster Zuverl\u00e4ssigkeit!<\/p>\n\n\n\n<p>Wir fahren Sie p\u00fcnktlich, bequem und zuverl\u00e4ssig zu Ihrem Flugzeug oder holen Sie in der Ankunftshalle ab, wo Sie mit Ihrem Gep\u00e4ck unterst\u00fctzt werden, bevor wir Sie an Ihr Ziel fahren, egal ob Salzburg, Innsbruck, Graz, Wien, Klagenfurt, Linz oder M\u00fcnchen. Wir erwarten Sie bei Ihrer Ankunft und bringen Sie zu Ihrem gew\u00fcnschten Ziel. Dabei spielt es f\u00fcr uns keine Rolle, ob Sie nur mit dem Auto durch die Stadt fahren oder in einer gr\u00f6\u00dferen Stadt einkaufen m\u00f6chten, wir sind rund um die Uhr f\u00fcr Sie da.<\/p>\n\n\n\n<p><span class=\"tlid-translation translation\" lang=\"de\"><span class=\"\" title=\"\">Wir legen gro\u00dfen Wert auf die Zufriedenheit und Sicherheit unserer G\u00e4ste, daher sind alle unsere Taxis auf dem neuesten Stand der Technik und in einem gepflegten Zustand und bieten maximalen Komfort und Sicherheit.<\/span> <span title=\"\">Bei langem Radstand ist ausreichend Platz f\u00fcr Gep\u00e4ck, Skiausr\u00fcstung usw. Klimaanlage und Heizung geh\u00f6ren zur Serienausstattung.<\/span> <span class=\"\" title=\"\">Wir bieten Ihnen neue, komfortable und saubere Autos f\u00fcr alle Ihre Reisen und Transferziele.<\/span><\/span><\/p>\n\n\n\n<p><span class=\"tlid-translation translation\" lang=\"de\"><span class=\"\" title=\"\">Wir w\u00fcrden uns freuen, Sie als unsere G\u00e4ste begr\u00fc\u00dfen zu d\u00fcrfen und Ihnen einen angenehmen Taxiservice vom Einsteigen bis zu Ihrem Zielort zu bieten! Steigen Sie ein und genie\u00dfen Sie unseren Taxi- und Transferservice. Wir w\u00fcnschen Ihnen einen sch\u00f6nen Tag und freuen uns darauf, Sie bald begr\u00fc\u00dfen zu d\u00fcrfen.<\/span><\/span><\/p>\n\n\n\n<h4 class=\"wp-block-heading\">Ihr Taxi-Team in Zell am See &#8211; Kaprun.<\/h4>\n","protected":false},"excerpt":{"rendered":"<p>TAXI RUF ZELL AM SEE \/ KAPRUN Willkommen bei TAXI Zell am See &#8211; Kaprun Ihr Taxiunternehmen in der Europa Sportregion Zell am See \/ Kaprun &#8211; Maishofen &#8211; Thumersbach &#8211; Piesendorf &#8211; Pinzgau &#8211; Salzburger Land &#8211; \u00d6sterreich, das sich f\u00fcr G\u00e4ste und Einheimische rund um die Taxi und Transfer Service von Passagieren zu&#8230;<\/p>\n","protected":false},"author":1,"featured_media":3372,"parent":0,"menu_order":0,"comment_status":"closed","ping_status":"closed","template":"","meta":{"footnotes":""},"class_list":["post-3558","page","type-page","status-publish","has-post-thumbnail","hentry"],"_links":{"self":[{"href":"https:\/\/www.taxi-zentrale.at\/de\/wp-json\/wp\/v2\/pages\/3558","targetHints":{"allow":["GET"]}}],"collection":[{"href":"https:\/\/www.taxi-zentrale.at\/de\/wp-json\/wp\/v2\/pages"}],"about":[{"href":"https:\/\/www.taxi-zentrale.at\/de\/wp-json\/wp\/v2\/types\/page"}],"author":[{"embeddable":true,"href":"https:\/\/www.taxi-zentrale.at\/de\/wp-json\/wp\/v2\/users\/1"}],"replies":[{"embeddable":true,"href":"https:\/\/www.taxi-zentrale.at\/de\/wp-json\/wp\/v2\/comments?post=3558"}],"version-history":[{"count":5,"href":"https:\/\/www.taxi-zentrale.at\/de\/wp-json\/wp\/v2\/pages\/3558\/revisions"}],"predecessor-version":[{"id":15985,"href":"https:\/\/www.taxi-zentrale.at\/de\/wp-json\/wp\/v2\/pages\/3558\/revisions\/15985"}],"wp:featuredmedia":[{"embeddable":true,"href":"https:\/\/www.taxi-zentrale.at\/de\/wp-json\/wp\/v2\/media\/3372"}],"wp:attachment":[{"href":"https:\/\/www.taxi-zentrale.at\/de\/wp-json\/wp\/v2\/media?parent=3558"}],"curies":[{"name":"wp","href":"https:\/\/api.w.org\/{rel}","templated":true}]}}