{"id":3553,"date":"2019-06-27T12:24:57","date_gmt":"2019-06-27T12:24:57","guid":{"rendered":"http:\/\/www.taxi-zentrale.at\/geburtstag-hochzeitsfeier\/"},"modified":"2019-06-27T15:09:08","modified_gmt":"2019-06-27T15:09:08","slug":"geburtstag-hochzeitsfeier","status":"publish","type":"page","link":"https:\/\/www.taxi-zentrale.at\/de\/geburtstag-hochzeitsfeier\/","title":{"rendered":"Geburtstag \/ Hochzeitsfeier"},"content":{"rendered":"<p><span class=\"tlid-translation translation\" lang=\"en\"><span class=\"\" title=\"\"><span class=\"tlid-translation translation\" lang=\"de\">Ihr Geburtstag steht vor der T\u00fcr und Sie m\u00f6chten mit Ihren Freunden feiern und durch die Stadt fahren? Sie m\u00f6chten vor einer Geburtstagsfeier eine Warm-up-Tour starten?<\/span><\/span><\/span><\/p>\n<p><span class=\"tlid-translation translation\" lang=\"en\"><img fetchpriority=\"high\" decoding=\"async\" class=\"alignnone wp-image-2109\" src=\"http:\/\/www.taxi-zentrale.at\/wp-content\/uploads\/2018\/02\/wedding-2954545_1280-300x200.jpg\" alt=\"\" width=\"900\" height=\"600\" srcset=\"https:\/\/www.taxi-zentrale.at\/wp-content\/uploads\/2018\/02\/wedding-2954545_1280-300x200.jpg 300w, https:\/\/www.taxi-zentrale.at\/wp-content\/uploads\/2018\/02\/wedding-2954545_1280-768x512.jpg 768w, https:\/\/www.taxi-zentrale.at\/wp-content\/uploads\/2018\/02\/wedding-2954545_1280-1024x682.jpg 1024w, https:\/\/www.taxi-zentrale.at\/wp-content\/uploads\/2018\/02\/wedding-2954545_1280-600x400.jpg 600w, https:\/\/www.taxi-zentrale.at\/wp-content\/uploads\/2018\/02\/wedding-2954545_1280.jpg 1280w\" sizes=\"(max-width: 900px) 100vw, 900px\" \/><br \/>\n<span class=\"\" title=\"\"><span class=\"tlid-translation translation\" lang=\"de\">Ihre beste Freundin heiratet oder Sie heiraten und m\u00f6chten Ihren G\u00e4sten einen Party-Shuttle anbieten? Ob von der Kirche zum Ort oder als Ort des Brautdiebstahls &#8211; in unserem Taxibus werden alle W\u00fcnsche umgesetzt.<\/span><\/span><\/span><\/p>\n","protected":false},"excerpt":{"rendered":"<p>Ihr Geburtstag steht vor der T\u00fcr und Sie m\u00f6chten mit Ihren Freunden feiern und durch die Stadt fahren? Sie m\u00f6chten vor einer Geburtstagsfeier eine Warm-up-Tour starten? Ihre beste Freundin heiratet oder Sie heiraten und m\u00f6chten Ihren G\u00e4sten einen Party-Shuttle anbieten? Ob von der Kirche zum Ort oder als Ort des Brautdiebstahls &#8211; in unserem Taxibus&#8230;<\/p>\n","protected":false},"author":1,"featured_media":3349,"parent":0,"menu_order":0,"comment_status":"closed","ping_status":"closed","template":"","meta":{"footnotes":""},"class_list":["post-3553","page","type-page","status-publish","has-post-thumbnail","hentry"],"_links":{"self":[{"href":"https:\/\/www.taxi-zentrale.at\/de\/wp-json\/wp\/v2\/pages\/3553","targetHints":{"allow":["GET"]}}],"collection":[{"href":"https:\/\/www.taxi-zentrale.at\/de\/wp-json\/wp\/v2\/pages"}],"about":[{"href":"https:\/\/www.taxi-zentrale.at\/de\/wp-json\/wp\/v2\/types\/page"}],"author":[{"embeddable":true,"href":"https:\/\/www.taxi-zentrale.at\/de\/wp-json\/wp\/v2\/users\/1"}],"replies":[{"embeddable":true,"href":"https:\/\/www.taxi-zentrale.at\/de\/wp-json\/wp\/v2\/comments?post=3553"}],"version-history":[{"count":2,"href":"https:\/\/www.taxi-zentrale.at\/de\/wp-json\/wp\/v2\/pages\/3553\/revisions"}],"predecessor-version":[{"id":3624,"href":"https:\/\/www.taxi-zentrale.at\/de\/wp-json\/wp\/v2\/pages\/3553\/revisions\/3624"}],"wp:featuredmedia":[{"embeddable":true,"href":"https:\/\/www.taxi-zentrale.at\/de\/wp-json\/wp\/v2\/media\/3349"}],"wp:attachment":[{"href":"https:\/\/www.taxi-zentrale.at\/de\/wp-json\/wp\/v2\/media?parent=3553"}],"curies":[{"name":"wp","href":"https:\/\/api.w.org\/{rel}","templated":true}]}}