{"id":3552,"date":"2019-06-27T12:22:25","date_gmt":"2019-06-27T12:22:25","guid":{"rendered":"http:\/\/www.taxi-zentrale.at\/beste-preise\/"},"modified":"2025-02-18T00:01:25","modified_gmt":"2025-02-18T00:01:25","slug":"beste-preise","status":"publish","type":"page","link":"https:\/\/www.taxi-zentrale.at\/de\/beste-preise\/","title":{"rendered":"Beste Preise"},"content":{"rendered":"<p><span class=\"tlid-translation translation\" lang=\"de\"><span class=\"\" title=\"\">Top Taxi e.U.<\/span> <span class=\"\" title=\"\">bieten Dienstleistungen, Transfers und Taxi Service mit festen Preisen.<\/span> <span class=\"\" title=\"\">Sie kennen Ihre Kosten im Voraus und der Preis h\u00e4ngt nicht von den Fahrbedingungen oder dem Verkehr ab, sondern vom Fahrzeugtyp und der Anzahl der G\u00e4ste.<\/span> <span class=\"\" title=\"\">Alle Ihre Kosten werden abgerechnet, sodass Sie sicherstellen k\u00f6nnen, dass keine zus\u00e4tzlichen Kosten anfallen.<\/span> <span class=\"\" title=\"\">Neben g\u00fcnstigen und festen Preisen m\u00fcssen Sie bei Top Taxi keine Zeit mit der Suche nach \u00f6ffentlichen Verkehrsmitteln verschwenden.<\/span> <span class=\"\" title=\"\">Bei der Buchung k\u00f6nnen Sie frei w\u00e4hlen, welches Fahrzeug Sie fahren m\u00f6chten.<\/span> <span class=\"\" title=\"\">Abh\u00e4ngig vom Fahrzeugtyp und der Anzahl der Passagiere erhalten Sie den entsprechenden Festpreis f\u00fcr Ihren Transfer.<\/span><\/span><\/p>\n<p><strong>F\u00fcr Taxifahrten innerhalb der Gemeinden Zell am See, Kaprun, Maishofen und Bruck an der Glocknerstra\u00dfe sind folgende Tarife in Rechnung zu stellen:<\/strong><\/p>\n<p>1. Als Grundtaxe<br \/>\n\u2022 an Werktagen von 6.00 bis 21.00 Uhr\u00a0 7,60 \u20ac.<br \/>\n\u2022 in der Nacht von 21.00 Uhr bis 6.00 Uhr sowie an Sonn- und Feiertagen ganztags\u00a0 8,80 \u20ac.<\/p>\n<p>In der Grundtaxe ist die erste Wegstrecke von 1350 m bzw. die erste Wartezeit von 322,07 sec. oder Teile davon enthalten.<\/p>\n<p>2. als Streckentaxe\u00a0 f\u00fcr die der Anfangsstrecke\u00a0 folgende Wegstrecke je begonnene 97,78 m\u00a0 0,30 \u20ac.<\/p>\n<p>3. Zeittaxe f\u00fcr die der Anfangwartezeit je angenfangene 23,34 Sekunden 0,30 \u20ac.<\/p>\n<p>4. als Zuschlag 3,70 \u20ac.<\/p>\n<p>Zuschl\u00e4ge d\u00fcrfen nur eingehoben werden:<\/p>\n<p>1. f\u00fcr die Montage von Ketten 3 Zuschl\u00e4ge<br \/>\n2. f\u00fcr die Bef\u00f6rderung von mehr als 4 Personen 1 Zuschlag pro Person<br \/>\n5. f\u00fcr Bergfahrten, und zwar<\/p>\n<p><strong>Zell am See:<\/strong><br \/>\nSchmittenh\u00f6he ab Br\u00fccke,<br \/>\nAbzweigung Schmittenweg 1 Zuschlag<br \/>\nJaga Alm 2 Zuschl\u00e4ge<br \/>\nMitterberg 2 Zuschl\u00e4ge<br \/>\nErlbergweg 4 Zuschl\u00e4ge<br \/>\nSonnberg, ab Sonnbergstra\u00dfe17 1 Zuschlag<br \/>\nPfefferbauer 1 Zuschlag<br \/>\nGrafleiten 1 Zuschlag<br \/>\nSchoberalm 1 Zuschlag<br \/>\nKeilberg 1 Zuschlag<br \/>\nZellermoos 1 Zuschlag<br \/>\nBereich Thumersbach 1 Zuschlag<\/p>\n<p><strong>Kaprun:<\/strong><br \/>\nGuggenbichl 1 Zuschlag<br \/>\nEntalweg 1 Zuschlag<br \/>\nTalstation Gletscherbahn Kaprun 2 Zuschl\u00e4ge<br \/>\nHotel First Mountain 2 Zuschl\u00e4ge<br \/>\n\u201eWei\u00dfenstein\u201c\/Eisb\u00e4r 1 Zuschlag<br \/>\n\u201eStangerbauer\u201c\/Schaufelberg 2 Zuschl\u00e4ge<\/p>\n<p>Bruck an der Glocknerstra\u00dfe:<br \/>\nKohlschait Bergstation 1 Zuschlag<br \/>\nTaxhof 2 Zuschl\u00e4ge<\/p>\n<p><strong>Piesendorf:<\/strong><br \/>\nPiesendorf Berg 1 Zuschlag<br \/>\n\u201eNaglk\u00f6pfl\u201c 2 Zuschl\u00e4ge<br \/>\nAufhausen ab Kirche 2 Zuschl\u00e4ge<\/p>\n<p>Alle Bergzuschl\u00e4ge gelten zuz\u00fcglich allf\u00e4lliger aktueller Mautgeb\u00fchren.<br \/>\nDas Bef\u00f6rdern vom Gep\u00e4ck der Fahrg\u00e4ste und Tieren wird nicht gesondert berechnet. Der Transport von Umzugsgut wie Kleinm\u00f6bel, sperrige G\u00fcter etc. unterliegt der freien Vereinbarung.<\/p>\n<p>F\u00fcr etwaige Beschwerden wenden Sie sich bitte an:<\/p>\n<p>TOP TAXI e.U.<br \/>\nThumersbacherstrasse 5\/14<br \/>\n5700 Zell am See<br \/>\nTelefon (06542) 73232<br \/>\nMail: top-taxi@sol.at<br \/>\noder:<br \/>\nAmt der Salzburger Landesregierung<br \/>\nAbteilung 5, Fachreferat Konsumentenschutz<br \/>\nFanny-von-Lehnert-Stra\u00dfe 1, 5020 Salzburg<br \/>\nTelefon (0662) 8042-3467<br \/>\nHerr Mag. Alexander Pr\u00e4hauser<br \/>\noder Fax (0662) 8042-3489<br \/>\nMail: konsumentenschutz@salzburg.gv.at<\/p>\n","protected":false},"excerpt":{"rendered":"<p>Top Taxi e.U. bieten Dienstleistungen, Transfers und Taxi Service mit festen Preisen. Sie kennen Ihre Kosten im Voraus und der Preis h\u00e4ngt nicht von den Fahrbedingungen oder dem Verkehr ab, sondern vom Fahrzeugtyp und der Anzahl der G\u00e4ste. Alle Ihre Kosten werden abgerechnet, sodass Sie sicherstellen k\u00f6nnen, dass keine zus\u00e4tzlichen Kosten anfallen. Neben g\u00fcnstigen und&#8230;<\/p>\n","protected":false},"author":1,"featured_media":3410,"parent":0,"menu_order":0,"comment_status":"closed","ping_status":"closed","template":"","meta":{"footnotes":""},"class_list":["post-3552","page","type-page","status-publish","has-post-thumbnail","hentry"],"_links":{"self":[{"href":"https:\/\/www.taxi-zentrale.at\/de\/wp-json\/wp\/v2\/pages\/3552","targetHints":{"allow":["GET"]}}],"collection":[{"href":"https:\/\/www.taxi-zentrale.at\/de\/wp-json\/wp\/v2\/pages"}],"about":[{"href":"https:\/\/www.taxi-zentrale.at\/de\/wp-json\/wp\/v2\/types\/page"}],"author":[{"embeddable":true,"href":"https:\/\/www.taxi-zentrale.at\/de\/wp-json\/wp\/v2\/users\/1"}],"replies":[{"embeddable":true,"href":"https:\/\/www.taxi-zentrale.at\/de\/wp-json\/wp\/v2\/comments?post=3552"}],"version-history":[{"count":4,"href":"https:\/\/www.taxi-zentrale.at\/de\/wp-json\/wp\/v2\/pages\/3552\/revisions"}],"predecessor-version":[{"id":15979,"href":"https:\/\/www.taxi-zentrale.at\/de\/wp-json\/wp\/v2\/pages\/3552\/revisions\/15979"}],"wp:featuredmedia":[{"embeddable":true,"href":"https:\/\/www.taxi-zentrale.at\/de\/wp-json\/wp\/v2\/media\/3410"}],"wp:attachment":[{"href":"https:\/\/www.taxi-zentrale.at\/de\/wp-json\/wp\/v2\/media?parent=3552"}],"curies":[{"name":"wp","href":"https:\/\/api.w.org\/{rel}","templated":true}]}}