{"id":3549,"date":"2019-06-27T12:17:19","date_gmt":"2019-06-27T12:17:19","guid":{"rendered":"http:\/\/www.taxi-zentrale.at\/flughafen-transfer\/"},"modified":"2025-07-12T20:10:54","modified_gmt":"2025-07-12T20:10:54","slug":"flughafen-transfer","status":"publish","type":"page","link":"https:\/\/www.taxi-zentrale.at\/de\/flughafen-transfer\/","title":{"rendered":"Flughafen Transfer"},"content":{"rendered":"\n<h2 class=\"wp-block-heading\"><strong> Flughafen Taxi &#8211; Flughafen Shuttle<\/strong><\/h2>\n\n\n\n<p><\/p>\n\n\n\n<p>Wir bieten Taxi und Flughafentransfer f\u00fcr Fluggesellschaften, Hotels und Privatpersonen zu allen Zielen in der Sportregion Zell am See \/ Kaprun, Saalbach \/ Hinterglemm &#8211; Pinzgau &#8211; Salzburger Land &#8211; \u00d6sterreich. Selbstverst\u00e4ndlich bringen wir Sie auch an ein Ziel Ihrer Wahl im Ausland.<\/p>\n\n\n\n<p>F\u00fcr die An- und Abreise zum und vom Flughafen (egal ob Flughafen in Salzburg, Flughafen Innsbruck, Flughafen Wien, Flughafen Klagenfurt, Flughafen Graz, Flughafen Linz, Flughafen M\u00fcnchen) ist kein Stress und keine Hektik zu bef\u00fcrchten &#8211; unsere Mitarbeiter sind dar\u00fcber besorgt. Wir legen gro\u00dfen Wert auf Kundenzufriedenheit, Bequemlichkeit und P\u00fcnktlichkeit. Unsere Taxis sind auf dem neuesten Stand der Technik und bieten ein H\u00f6chstma\u00df an Komfort und Sicherheit. Unsere Mitarbeiter sind erfahrene Fahrer, die \u00fcber ausgezeichnete Ortskenntnisse verf\u00fcgen, gepflegt und diskret sind und mehrere Fremdsprachen (Deutsch, Englisch, Serbokroatisch und Russisch) sprechen.<\/p>\n\n\n\n<p>Sie k\u00f6nnen ein Standardauto, ein Luxusauto oder einen Minibus (8 Personen) w\u00e4hlen. Unser Taxiservice bietet Transfers zu festen Tarifen an, damit Sie Ihre Ausgaben im Voraus kennen. Wir freuen uns auf Ihre Anfragen, Transfers und Ausfl\u00fcge zu jeder Tageszeit, sieben Tage die Woche, \u00fcberall in Europa. Steigen Sie ein und genie\u00dfen Sie unseren Flughafentransfer, sicher und bequem zu Ihrem gew\u00fcnschten Ziel.<\/p>\n\n\n\n<p>Schauen Sie sich unsere Angebote an.<\/p>\n\n\n\n<figure class=\"wp-block-table\"><table><tbody><tr><td>von oder nach:<\/td><td>von oder nach:<\/td><td>&nbsp;E-Klasse<\/td><td>&nbsp;Vito<\/td><td>           &nbsp;S-Klasse          <\/td><td>&nbsp;V-Klasse<\/td><\/tr><tr><td><a href=\"http:\/\/www.zellamsee-kaprun.com\/\">Zell am See\/Kaprun<\/a><\/td><td>  \n   \n    <a href=\"http:\/\/www.salzburg-airport.com\/\">Flughafen Salzburg&nbsp;<\/a>\n   \n  \n  <\/td><td>180,00 \u20ac<\/td><td>200,00 \u20ac<\/td><td>250,00 \u20ac<\/td><td>300,00 \u20ac<\/td><\/tr><tr><td>  \n   \n    <a href=\"http:\/\/www.zellamsee.salzburg.at\/\">Zell am See\/Kaprun<\/a>\n   \n  \n  <\/td><td>  \n   \n    <a href=\"http:\/\/www.munich-airport.de\/\">Flughafen M\u00fcnchen&nbsp;<\/a>\n   \n  \n  <\/td><td>400,00 \u20ac<\/td><td>440,00 \u20ac<\/td><td>490,00 \u20ac<\/td><td>550,00 \u20ac<\/td><\/tr><tr><td><a href=\"http:\/\/stadtausstellung.at\/zell-am-see\/\">Zell am See\/Kaprun<\/a><\/td><td>  \n   \n    <a href=\"http:\/\/www.innsbruck-airport.com\/\">Flughafen Innsbruck&nbsp;<\/a>\n   \n  \n  <\/td><td>320,00 \u20ac<\/td><td> 360,00 \u20ac          <\/td><td>  400,00 \u20ac          <\/td><td>450,00 \u20ac<\/td><\/tr><tr><td>  \n   \n    <a href=\"http:\/\/www.zellamsee-kaprun.com\/\">Zell am See\/Kaprun<\/a>\n   \n  \n  <\/td><td>  \n   \n    <a href=\"http:\/\/www.linz-airport.at\/\">Flughafen Linz&nbsp;<\/a>\n   \n  \n  <\/td><td>360,00 \u20ac<\/td><td>400,00 \u20ac<\/td><td>460,00 \u20ac<\/td><td>520,00 \u20ac<\/td><\/tr><tr><td>  \n   \n    <a href=\"http:\/\/www.europasportregion.at\/\">Zell am See\/Kaprun<\/a>\n   \n  \n  <\/td><td>  \n   \n    <a href=\"http:\/\/www.viennaairport.com\/\">Flughafen Wien<\/a>\n   \n  \n  <\/td><td>700,00 \u20ac<\/td><td>750,00 \u20ac<\/td><td>800,00 \u20ac<\/td><td>850,00 \u20ac<\/td><\/tr><tr><td>  \n   \n    Zell\n    am See\/Kaprun\n   \n  \n  <\/td><td><a href=\"http:\/\/www.oebb.at\/pv\/de\/Reisen_in_den_Bundeslaendern\/Salzburg\/Service_und_Bahnhof\/index.jsp\">Bahnhof    Salzburg<\/a><\/td><td>200,00 \u20ac<\/td><td>220,00 \u20ac<\/td><td>260,00 \u20ac<\/td><td>320,00 \u20ac<\/td><\/tr><tr><td>  \n   \n    Zell\n    am See\/Kaprun\n   \n  \n  <\/td><td><a href=\"http:\/\/www.bahnhof.de\">Bahnhof    M\u00fcnchen&nbsp;<\/a><\/td><td>400,00 \u20ac<\/td><td>440,00 \u20ac<\/td><td>490,00 \u20ac<\/td><td>550,00 \u20ac<\/td><\/tr><tr><td>  \n   \n    Zell\n    am See\/Kaprun\n   \n  \n  <\/td><td><a href=\"http:\/\/www.oebb-werbecenter.at\/de\/Servicebox\/Topstandorte\/Grossbildwerbung_-_Bahnhof_Wien_Suedbahnhof\/index.jsp\">Bahnhof   Wien<\/a><\/td><td>700,00 \u20ac<\/td><td>750,00 \u20ac<\/td><td>850,00 \u20ac<\/td><td>900,00 \u20ac<\/td><\/tr><tr><td>Saalbach\/Hinterglemm<\/td><td>  \n   \n    <a href=\"http:\/\/www.salzburg-airport.com\/\">Flughafen Salzburg&nbsp;<\/a>\n   \n  \n  <\/td><td>200,00 \u20ac<\/td><td>240,00 \u20ac<\/td><td>300,00 \u20ac<\/td><td>350,00 \u20ac<\/td><\/tr><tr><td>  \n   \n    Saalbach\/Hinterglemm\n   \n  \n  <\/td><td>  \n   \n    <a href=\"http:\/\/www.munich-airport.de\/\">Flughafen M\u00fcnchen&nbsp;<\/a>\n   \n  \n  <\/td><td>400,00 \u20ac<\/td><td>440,00 \u20ac<\/td><td>500,00 \u20ac<\/td><td>550,00 \u20ac<\/td><\/tr><tr><td>  \n   \n    Saalbach\/Hinterglemm\n   \n  \n  <\/td><td>  \n   \n    <a href=\"http:\/\/www.innsbruck-airport.com\/\">Flughafen Innsbruck&nbsp;<\/a>\n   \n  \n  <\/td><td>340,00 \u20ac<\/td><td>    380,00 \u20ac          <\/td><td>   420,00 \u20ac          <\/td><td>500,00 \u20ac<\/td><\/tr><tr><td>  \n   \n    Saalbach\/Hinterglemm\n   \n  \n  <\/td><td>  \n   \n    <a href=\"http:\/\/www.linz-airport.at\/\">Flughafen Linz&nbsp;<\/a>\n   \n  \n  <\/td><td>390,00 \u20ac<\/td><td>420,00 \u20ac<\/td><td>490,00 \u20ac<\/td><td>550,00 \u20ac<\/td><\/tr><tr><td>  \n   \n    Saalbach\/Hinterglemm\n   \n  \n  <\/td><td>  \n   \n    <a href=\"http:\/\/www.viennaairport.com\/\">Flughafen Wien<\/a>\n   \n  \n  <\/td><td>700,00 \u20ac<\/td><td>750,00 \u20ac<\/td><td>800,00 \u20ac<\/td><td>850,00 \u20ac<\/td><\/tr><tr><td>  \n   \n    Saalbach\/Hinterglemm\n   \n  \n  <\/td><td><a href=\"http:\/\/www.oebb.at\/pv\/de\/Reisen_in_den_Bundeslaendern\/Salzburg\/Service_und_Bahnhof\/index.jsp\">Bahnhof    Salzburg<\/a><\/td><td>220,00 \u20ac<\/td><td>260,00 \u20ac<\/td><td>300,00 \u20ac<\/td><td>350,00 \u20ac<\/td><\/tr><tr><td>  \n   \n    Saalbach\/Hinterglemm\n   \n  \n  <\/td><td><a href=\"http:\/\/www.bahnhof.de\">Bahnhof    M\u00fcnchen&nbsp;<\/a><\/td><td>400,00 \u20ac<\/td><td>460,00 \u20ac<\/td><td>510,00 \u20ac<\/td><td>560,00 \u20ac<\/td><\/tr><tr><td>  \n   \n    Saalbach\/Hinterglemm\n   \n  \n  <\/td><td><a href=\"http:\/\/www.oebb-werbecenter.at\/de\/Servicebox\/Topstandorte\/Grossbildwerbung_-_Bahnhof_Wien_Suedbahnhof\/index.jsp\">Bahnhof    Wien<\/a><\/td><td>700,00 \u20ac<\/td><td>750,00 \u20ac<\/td><td>800,00 \u20ac<\/td><td>850,00 \u20ac<\/td><\/tr><\/tbody><\/table><\/figure>\n\n\n\n<p>Alle unsere Flughafen Transfer haben eine Wartezeit von 60 Minuten inkl. Der Transfer endet mit der Ankunft am Zielort. Alle unsere Preise beinhalten Steuern, Maut und Treibstoffkosten. Unsere Preise sind vertrauensw\u00fcrdig und unterliegen keinen pl\u00f6tzlichen \u00c4nderungen. In jedem Bus stehen 8 Sitzpl\u00e4tze zur Verf\u00fcgung. Wir bitten Sie, uns bei der Buchung mitzuteilen, ob ein Kindersitz ben\u00f6tigt wird. Die Stornierung ist bis 24 Stunden vorher kostenlos.<\/p>\n\n\n\n<figure class=\"wp-block-image\"><img fetchpriority=\"high\" decoding=\"async\" width=\"1024\" height=\"576\" src=\"http:\/\/www.taxi-zentrale.at\/wp-content\/uploads\/2018\/02\/pexels-photo-723240-1024x576.jpeg\" alt=\"\" class=\"wp-image-127\" srcset=\"https:\/\/www.taxi-zentrale.at\/wp-content\/uploads\/2018\/02\/pexels-photo-723240-1024x576.jpeg 1024w, https:\/\/www.taxi-zentrale.at\/wp-content\/uploads\/2018\/02\/pexels-photo-723240-300x169.jpeg 300w, https:\/\/www.taxi-zentrale.at\/wp-content\/uploads\/2018\/02\/pexels-photo-723240-768x432.jpeg 768w, https:\/\/www.taxi-zentrale.at\/wp-content\/uploads\/2018\/02\/pexels-photo-723240-600x338.jpeg 600w, https:\/\/www.taxi-zentrale.at\/wp-content\/uploads\/2018\/02\/pexels-photo-723240.jpeg 1920w\" sizes=\"(max-width: 1024px) 100vw, 1024px\" \/><\/figure>\n\n\n\n<p>Nutzen Sie unseren <strong>Flughafen Shuttle<\/strong> &#8211; <strong>Flughafentransfer <\/strong>Zell am See \/ Kaprun &#8211; Salzburg Land <a href=\"https:\/\/www.taxi-zentrale.at\/de\/buchung\/\"><strong>Online bestellen<\/strong><\/a> oder kontaktieren Sie uns telefonisch unter +43 (0) 6542 73232. Wir w\u00fcnschen Ihnen einen angenehmen Aufenthalt und beraten Sie gerne!<\/p>\n\n\n\n<h4 class=\"wp-block-heading\"><span class=\"tlid-translation translation\" lang=\"de\"><span class=\"\" title=\"\">Ihr Taxi in Zell am See \/ Kaprun &amp; Saalbach \/ Hinterglemm &#8211; Salzburg &#8211; \u00d6sterreich.<\/span><\/span><\/h4>\n\n\n\n<p><\/p>\n","protected":false},"excerpt":{"rendered":"<p>Flughafen Taxi &#8211; Flughafen Shuttle Wir bieten Taxi und Flughafentransfer f\u00fcr Fluggesellschaften, Hotels und Privatpersonen zu allen Zielen in der Sportregion Zell am See \/ Kaprun, Saalbach \/ Hinterglemm &#8211; Pinzgau &#8211; Salzburger Land &#8211; \u00d6sterreich. Selbstverst\u00e4ndlich bringen wir Sie auch an ein Ziel Ihrer Wahl im Ausland. F\u00fcr die An- und Abreise zum und&#8230;<\/p>\n","protected":false},"author":1,"featured_media":3374,"parent":0,"menu_order":0,"comment_status":"closed","ping_status":"closed","template":"","meta":{"footnotes":""},"class_list":["post-3549","page","type-page","status-publish","has-post-thumbnail","hentry"],"_links":{"self":[{"href":"https:\/\/www.taxi-zentrale.at\/de\/wp-json\/wp\/v2\/pages\/3549","targetHints":{"allow":["GET"]}}],"collection":[{"href":"https:\/\/www.taxi-zentrale.at\/de\/wp-json\/wp\/v2\/pages"}],"about":[{"href":"https:\/\/www.taxi-zentrale.at\/de\/wp-json\/wp\/v2\/types\/page"}],"author":[{"embeddable":true,"href":"https:\/\/www.taxi-zentrale.at\/de\/wp-json\/wp\/v2\/users\/1"}],"replies":[{"embeddable":true,"href":"https:\/\/www.taxi-zentrale.at\/de\/wp-json\/wp\/v2\/comments?post=3549"}],"version-history":[{"count":13,"href":"https:\/\/www.taxi-zentrale.at\/de\/wp-json\/wp\/v2\/pages\/3549\/revisions"}],"predecessor-version":[{"id":15997,"href":"https:\/\/www.taxi-zentrale.at\/de\/wp-json\/wp\/v2\/pages\/3549\/revisions\/15997"}],"wp:featuredmedia":[{"embeddable":true,"href":"https:\/\/www.taxi-zentrale.at\/de\/wp-json\/wp\/v2\/media\/3374"}],"wp:attachment":[{"href":"https:\/\/www.taxi-zentrale.at\/de\/wp-json\/wp\/v2\/media?parent=3549"}],"curies":[{"name":"wp","href":"https:\/\/api.w.org\/{rel}","templated":true}]}}