{"id":3547,"date":"2019-06-27T12:05:21","date_gmt":"2019-06-27T12:05:21","guid":{"rendered":"http:\/\/www.taxi-zentrale.at\/uber-uns\/"},"modified":"2019-06-27T15:11:55","modified_gmt":"2019-06-27T15:11:55","slug":"uber-uns","status":"publish","type":"page","link":"https:\/\/www.taxi-zentrale.at\/de\/uber-uns\/","title":{"rendered":"\u00dcber uns"},"content":{"rendered":"<p><span class=\"tlid-translation translation\" lang=\"de\"><span class=\"\" title=\"\">Das Unternehmen Top Taxi e.U.<\/span> <span title=\"\">ist ein Familienunternehmen.<\/span> <span class=\"\" title=\"\">Es ist bekannt f\u00fcr h\u00f6chste Zuverl\u00e4ssigkeit und Servicequalit\u00e4t.<\/span> <span class=\"\" title=\"\">Der Top Taxi und Taxi Zentrale Service wurde im Dezember 2018 mit hohem Anspruch gegr\u00fcndet.<\/span> <span class=\"\" title=\"\">Qualit\u00e4t, Sicherheit, Freundlichkeit, Stil und P\u00fcnktlichkeit haben das Unternehmen zu dem gemacht, was es ist.<\/span> <span class=\"\" title=\"\">Als Premiumanbieter im Taxi- und Transferservice konnten wir viele treue G\u00e4ste von unserer Qualit\u00e4t \u00fcberzeugen.<\/span> <span class=\"\" title=\"\">Namhafte Kunden sch\u00e4tzen unsere Diskretion und Zuverl\u00e4ssigkeit.<\/span> <span class=\"\" title=\"\">Die W\u00fcnsche unserer Kunden stehen kompromisslos im Fokus.<\/span> <span class=\"\" title=\"\">Unser Team besteht aus hochqualifizierten Mitarbeitern, die hochmotiviert sind, um unsere Kunden zu bedienen.<\/span><br \/>\n<span class=\"\" title=\"\">Wir freuen uns auf Dich!<\/span><\/span><\/p>\n","protected":false},"excerpt":{"rendered":"<p>Das Unternehmen Top Taxi e.U. ist ein Familienunternehmen. Es ist bekannt f\u00fcr h\u00f6chste Zuverl\u00e4ssigkeit und Servicequalit\u00e4t. Der Top Taxi und Taxi Zentrale Service wurde im Dezember 2018 mit hohem Anspruch gegr\u00fcndet. Qualit\u00e4t, Sicherheit, Freundlichkeit, Stil und P\u00fcnktlichkeit haben das Unternehmen zu dem gemacht, was es ist. Als Premiumanbieter im Taxi- und Transferservice konnten wir viele&#8230;<\/p>\n","protected":false},"author":1,"featured_media":0,"parent":0,"menu_order":0,"comment_status":"closed","ping_status":"closed","template":"","meta":{"footnotes":""},"class_list":["post-3547","page","type-page","status-publish","hentry"],"_links":{"self":[{"href":"https:\/\/www.taxi-zentrale.at\/de\/wp-json\/wp\/v2\/pages\/3547","targetHints":{"allow":["GET"]}}],"collection":[{"href":"https:\/\/www.taxi-zentrale.at\/de\/wp-json\/wp\/v2\/pages"}],"about":[{"href":"https:\/\/www.taxi-zentrale.at\/de\/wp-json\/wp\/v2\/types\/page"}],"author":[{"embeddable":true,"href":"https:\/\/www.taxi-zentrale.at\/de\/wp-json\/wp\/v2\/users\/1"}],"replies":[{"embeddable":true,"href":"https:\/\/www.taxi-zentrale.at\/de\/wp-json\/wp\/v2\/comments?post=3547"}],"version-history":[{"count":2,"href":"https:\/\/www.taxi-zentrale.at\/de\/wp-json\/wp\/v2\/pages\/3547\/revisions"}],"predecessor-version":[{"id":3628,"href":"https:\/\/www.taxi-zentrale.at\/de\/wp-json\/wp\/v2\/pages\/3547\/revisions\/3628"}],"wp:attachment":[{"href":"https:\/\/www.taxi-zentrale.at\/de\/wp-json\/wp\/v2\/media?parent=3547"}],"curies":[{"name":"wp","href":"https:\/\/api.w.org\/{rel}","templated":true}]}}